{"id":12,"date":"2023-05-29T01:25:48","date_gmt":"2023-05-29T01:25:48","guid":{"rendered":"https:\/\/lasmanualidadesdeanita.com\/?post_type=product&#038;p=12"},"modified":"2023-05-29T03:58:33","modified_gmt":"2023-05-29T03:58:33","slug":"toalla-de-bano","status":"publish","type":"product","link":"https:\/\/lasmanualidadesdeanita.com\/index.php\/product\/toalla-de-bano\/","title":{"rendered":"Toalla de ba\u00f1o"},"content":{"rendered":"<p>Toalla blanca mediana, importada, bordada \u00edntegramente a mano en Per\u00fa en tono verde esmeralda con peque\u00f1o calado.<\/p>\n","protected":false},"excerpt":{"rendered":"<p>Toalla bordada a mano en tonalidades verdes<\/p>\n","protected":false},"featured_media":13,"comment_status":"open","ping_status":"closed","template":"","meta":[],"product_cat":[15],"product_tag":[],"_links":{"self":[{"href":"https:\/\/lasmanualidadesdeanita.com\/index.php\/wp-json\/wp\/v2\/product\/12"}],"collection":[{"href":"https:\/\/lasmanualidadesdeanita.com\/index.php\/wp-json\/wp\/v2\/product"}],"about":[{"href":"https:\/\/lasmanualidadesdeanita.com\/index.php\/wp-json\/wp\/v2\/types\/product"}],"replies":[{"embeddable":true,"href":"https:\/\/lasmanualidadesdeanita.com\/index.php\/wp-json\/wp\/v2\/comments?post=12"}],"wp:featuredmedia":[{"embeddable":true,"href":"https:\/\/lasmanualidadesdeanita.com\/index.php\/wp-json\/wp\/v2\/media\/13"}],"wp:attachment":[{"href":"https:\/\/lasmanualidadesdeanita.com\/index.php\/wp-json\/wp\/v2\/media?parent=12"}],"wp:term":[{"taxonomy":"product_cat","embeddable":true,"href":"https:\/\/lasmanualidadesdeanita.com\/index.php\/wp-json\/wp\/v2\/product_cat?post=12"},{"taxonomy":"product_tag","embeddable":true,"href":"https:\/\/lasmanualidadesdeanita.com\/index.php\/wp-json\/wp\/v2\/product_tag?post=12"}],"curies":[{"name":"wp","href":"https:\/\/api.w.org\/{rel}","templated":true}]}}